{"id":6685,"date":"2016-06-05T19:33:17","date_gmt":"2016-06-05T17:33:17","guid":{"rendered":"http:\/\/www.bdk-detektive.at\/demo-home\/"},"modified":"2022-11-14T22:39:33","modified_gmt":"2022-11-14T21:39:33","slug":"demo-home","status":"publish","type":"page","link":"https:\/\/www.bdk-detektive.at\/","title":{"rendered":"BDK Detektive"},"content":{"rendered":"<div id=\"cs-content\" class=\"cs-content\"><\/div>\n","protected":false},"excerpt":{"rendered":"<p>LeistungenAnbei finden Sie einen Auszug unserer T\u00e4tigkeiten. Gerne stehen wir Ihnen in einem kostenfreien Erstgespr\u00e4ch zur Verf\u00fcgung.\u00a0 Privat- Ermittlungen Verdacht auf Untreue Ermittlungen bei Scheidungen Ermittlungen in F\u00e4llen des Sorgerechtes Misshandlung Unterhaltsrechtliche Angelegenheiten Vandalismus Stalking \u00dcble Nachrede Personensuche Versicherungen &#038; Banken Verdacht auf fingierte Unfallherg\u00e4nge Verdacht auf unrechtm\u00e4\u00dfig\u00a0\u00a0bezogene Versicherungsleistungen PKW &amp; LKW Sicherstellungen Leasing KFZ R\u00fcckf\u00fchrung Sicherstellung von Eigentum Personen- &#8230; <a href=\"https:\/\/www.bdk-detektive.at\/\" class=\"more-link\">Read More<\/a><\/p>\n","protected":false},"author":1,"featured_media":0,"parent":0,"menu_order":0,"comment_status":"closed","ping_status":"closed","template":"template-blank-4.php","meta":{"footnotes":""},"class_list":["post-6685","page","type-page","status-publish","hentry","no-post-thumbnail"],"_links":{"self":[{"href":"https:\/\/www.bdk-detektive.at\/index.php?rest_route=\/wp\/v2\/pages\/6685","targetHints":{"allow":["GET"]}}],"collection":[{"href":"https:\/\/www.bdk-detektive.at\/index.php?rest_route=\/wp\/v2\/pages"}],"about":[{"href":"https:\/\/www.bdk-detektive.at\/index.php?rest_route=\/wp\/v2\/types\/page"}],"author":[{"embeddable":true,"href":"https:\/\/www.bdk-detektive.at\/index.php?rest_route=\/wp\/v2\/users\/1"}],"replies":[{"embeddable":true,"href":"https:\/\/www.bdk-detektive.at\/index.php?rest_route=%2Fwp%2Fv2%2Fcomments&post=6685"}],"version-history":[{"count":200,"href":"https:\/\/www.bdk-detektive.at\/index.php?rest_route=\/wp\/v2\/pages\/6685\/revisions"}],"predecessor-version":[{"id":6917,"href":"https:\/\/www.bdk-detektive.at\/index.php?rest_route=\/wp\/v2\/pages\/6685\/revisions\/6917"}],"wp:attachment":[{"href":"https:\/\/www.bdk-detektive.at\/index.php?rest_route=%2Fwp%2Fv2%2Fmedia&parent=6685"}],"curies":[{"name":"wp","href":"https:\/\/api.w.org\/{rel}","templated":true}]}}